{"id":3346,"date":"2022-02-17T08:39:03","date_gmt":"2022-02-17T07:39:03","guid":{"rendered":"http:\/\/www.ansporran.at\/wordpress\/?page_id=3346"},"modified":"2023-01-24T11:18:12","modified_gmt":"2023-01-24T10:18:12","slug":"news","status":"publish","type":"page","link":"https:\/\/www.ansporran.at\/?page_id=3346","title":{"rendered":"News"},"content":{"rendered":"<ul class=\"wp-block-latest-posts__list has-dates has-author wp-block-latest-posts\"><li><div class=\"wp-block-latest-posts__featured-image\"><a href=\"https:\/\/www.ansporran.at\/?p=8767\" aria-label=\"Halbzeitbericht zur WDV Open League Saison 2024\/25\"><img loading=\"lazy\" decoding=\"async\" width=\"150\" height=\"150\" src=\"https:\/\/www.ansporran.at\/wp-content\/uploads\/2022\/08\/wdv-Logo-600x349-1-150x150.jpg\" class=\"attachment-thumbnail size-thumbnail wp-post-image\" alt=\"\" style=\"\" \/><\/a><\/div><a class=\"wp-block-latest-posts__post-title\" href=\"https:\/\/www.ansporran.at\/?p=8767\">Halbzeitbericht zur WDV Open League Saison 2024\/25<\/a><div class=\"wp-block-latest-posts__post-author\">von Philip Karall<\/div><time datetime=\"2025-01-24T00:19:57+01:00\" class=\"wp-block-latest-posts__post-date\">24.01.2025<\/time><div class=\"wp-block-latest-posts__post-excerpt\">Diesen Dienstag fand in den diversen Spielst\u00e4tten des WDV die 13. Runde der heurigen OL-Saison statt, welche das Ende der Hinrunde markiert. In allen Divisionen hat jedes Team nun 1x\u2026\u00a0<a class=\"wp-block-latest-posts__read-more\" href=\"https:\/\/www.ansporran.at\/?p=8767\" rel=\"noopener noreferrer\"><span class=\"screen-reader-text\">Halbzeitbericht zur WDV Open League Saison 2024\/25 <\/span>weiterlesen<\/a><\/div><\/li>\n<li><div class=\"wp-block-latest-posts__featured-image\"><a href=\"https:\/\/www.ansporran.at\/?p=8602\" aria-label=\"R\u00fcckblick auf die WDV Open League Saison 2023\/24\"><img loading=\"lazy\" decoding=\"async\" width=\"150\" height=\"150\" src=\"https:\/\/www.ansporran.at\/wp-content\/uploads\/2022\/08\/wdv-Logo-600x349-1-150x150.jpg\" class=\"attachment-thumbnail size-thumbnail wp-post-image\" alt=\"\" style=\"\" \/><\/a><\/div><a class=\"wp-block-latest-posts__post-title\" href=\"https:\/\/www.ansporran.at\/?p=8602\">R\u00fcckblick auf die WDV Open League Saison 2023\/24<\/a><div class=\"wp-block-latest-posts__post-author\">von Philip Karall<\/div><time datetime=\"2024-05-10T02:17:03+02:00\" class=\"wp-block-latest-posts__post-date\">10.05.2024<\/time><div class=\"wp-block-latest-posts__post-excerpt\">Eine f\u00fcr fast all unsere Teams sehr harte und schwierige Open League Saison ging am vergangenen Dienstag in den zahlreichen Spielorten des WDV zu Ende. Ausst\u00e4ndig sind nur noch die\u2026\u00a0<a class=\"wp-block-latest-posts__read-more\" href=\"https:\/\/www.ansporran.at\/?p=8602\" rel=\"noopener noreferrer\"><span class=\"screen-reader-text\">R\u00fcckblick auf die WDV Open League Saison 2023\/24 <\/span>weiterlesen<\/a><\/div><\/li>\n<li><div class=\"wp-block-latest-posts__featured-image\"><a href=\"https:\/\/www.ansporran.at\/?p=8097\" aria-label=\"Vorschau auf die WDV Open League Saison 2023\/24\"><img loading=\"lazy\" decoding=\"async\" width=\"150\" height=\"150\" src=\"https:\/\/www.ansporran.at\/wp-content\/uploads\/2022\/08\/wdv-Logo-4c-150x150.jpg\" class=\"attachment-thumbnail size-thumbnail wp-post-image\" alt=\"\" style=\"\" \/><\/a><\/div><a class=\"wp-block-latest-posts__post-title\" href=\"https:\/\/www.ansporran.at\/?p=8097\">Vorschau auf die WDV Open League Saison 2023\/24<\/a><div class=\"wp-block-latest-posts__post-author\">von Philip Karall<\/div><time datetime=\"2023-10-03T04:39:24+02:00\" class=\"wp-block-latest-posts__post-date\">03.10.2023<\/time><div class=\"wp-block-latest-posts__post-excerpt\">Gut ein Monat nach der Landesliga geht es in den diversen Wiener Spielorten heute abend auch endlich wieder mit der Open Steeldarts League los! Wie bereits im Vorjahr stellen wir\u2026\u00a0<a class=\"wp-block-latest-posts__read-more\" href=\"https:\/\/www.ansporran.at\/?p=8097\" rel=\"noopener noreferrer\"><span class=\"screen-reader-text\">Vorschau auf die WDV Open League Saison 2023\/24 <\/span>weiterlesen<\/a><\/div><\/li>\n<li><div class=\"wp-block-latest-posts__featured-image\"><a href=\"https:\/\/www.ansporran.at\/?p=7940\" aria-label=\"R\u00fcckblick auf die WDV Open League Saison 2022\/23\"><img loading=\"lazy\" decoding=\"async\" width=\"150\" height=\"150\" src=\"https:\/\/www.ansporran.at\/wp-content\/uploads\/2022\/08\/wdv-Logo-4c-150x150.jpg\" class=\"attachment-thumbnail size-thumbnail wp-post-image\" alt=\"\" style=\"\" \/><\/a><\/div><a class=\"wp-block-latest-posts__post-title\" href=\"https:\/\/www.ansporran.at\/?p=7940\">R\u00fcckblick auf die WDV Open League Saison 2022\/23<\/a><div class=\"wp-block-latest-posts__post-author\">von Philip Karall<\/div><time datetime=\"2023-04-21T00:06:10+02:00\" class=\"wp-block-latest-posts__post-date\">21.04.2023<\/time><div class=\"wp-block-latest-posts__post-excerpt\">Am vergangenen Dienstag endete in den obersten drei Spielklassen mit der 26. und letzten Runde die Open League Saison 22\/23. Es war eine starke Saison unserer Dienstags-Mannschaften! Allen voran eroberten\u2026\u00a0<a class=\"wp-block-latest-posts__read-more\" href=\"https:\/\/www.ansporran.at\/?p=7940\" rel=\"noopener noreferrer\"><span class=\"screen-reader-text\">R\u00fcckblick auf die WDV Open League Saison 2022\/23 <\/span>weiterlesen<\/a><\/div><\/li>\n<li><div class=\"wp-block-latest-posts__featured-image\"><a href=\"https:\/\/www.ansporran.at\/?p=7463\" aria-label=\"Der gro\u00dfe An Sporran Jahresr\u00fcckblick 2022\"><img loading=\"lazy\" decoding=\"async\" width=\"150\" height=\"150\" src=\"https:\/\/www.ansporran.at\/wp-content\/uploads\/2022\/12\/Silvester-2-150x150.jpg\" class=\"attachment-thumbnail size-thumbnail wp-post-image\" alt=\"\" style=\"\" \/><\/a><\/div><a class=\"wp-block-latest-posts__post-title\" href=\"https:\/\/www.ansporran.at\/?p=7463\">Der gro\u00dfe An Sporran Jahresr\u00fcckblick 2022<\/a><div class=\"wp-block-latest-posts__post-author\">von Philip Karall<\/div><time datetime=\"2022-12-31T01:54:02+01:00\" class=\"wp-block-latest-posts__post-date\">31.12.2022<\/time><div class=\"wp-block-latest-posts__post-excerpt\">Mit dem gro\u00dfen Jahresr\u00fcckblick auf das Dartsjahr 2022 aus Sicht An Sporrans w\u00fcnschen wir unseren Mitgliedern sowie der gesamten Wiener Dartsgemeinschaft einen guten Rutsch ins Jahr 2023! Holprig war der\u2026\u00a0<a class=\"wp-block-latest-posts__read-more\" href=\"https:\/\/www.ansporran.at\/?p=7463\" rel=\"noopener noreferrer\"><span class=\"screen-reader-text\">Der gro\u00dfe An Sporran Jahresr\u00fcckblick 2022 <\/span>weiterlesen<\/a><\/div><\/li>\n<li><a class=\"wp-block-latest-posts__post-title\" href=\"https:\/\/www.ansporran.at\/?p=7117\">Vorschau auf die WDV Saison 2022\/23 Teil 1: WDV Open League<\/a><div class=\"wp-block-latest-posts__post-author\">von Philip Karall<\/div><time datetime=\"2022-09-06T01:45:56+02:00\" class=\"wp-block-latest-posts__post-date\">06.09.2022<\/time><div class=\"wp-block-latest-posts__post-excerpt\">Mit gleich sieben Teams und somit als gr\u00f6\u00dfter Verein in dieser Liga des WDV startet An Sporran kommende Woche in die neue Open League Saison 2022\/23. Hier gibt es einen\u2026\u00a0<a class=\"wp-block-latest-posts__read-more\" href=\"https:\/\/www.ansporran.at\/?p=7117\" rel=\"noopener noreferrer\"><span class=\"screen-reader-text\">Vorschau auf die WDV Saison 2022\/23 Teil 1: WDV Open League <\/span>weiterlesen<\/a><\/div><\/li>\n<li><div class=\"wp-block-latest-posts__featured-image\"><a href=\"https:\/\/www.ansporran.at\/?p=7029\" aria-label=\"R\u00fcckblick auf die WDV Open League 2021\/22\"><img loading=\"lazy\" decoding=\"async\" width=\"150\" height=\"150\" src=\"https:\/\/www.ansporran.at\/wp-content\/uploads\/2022\/08\/wdv-Logo-300x175-1-150x150.jpg\" class=\"attachment-thumbnail size-thumbnail wp-post-image\" alt=\"\" style=\"\" \/><\/a><\/div><a class=\"wp-block-latest-posts__post-title\" href=\"https:\/\/www.ansporran.at\/?p=7029\">R\u00fcckblick auf die WDV Open League 2021\/22<\/a><div class=\"wp-block-latest-posts__post-author\">von Philip Karall<\/div><time datetime=\"2022-06-23T00:43:53+02:00\" class=\"wp-block-latest-posts__post-date\">23.06.2022<\/time><div class=\"wp-block-latest-posts__post-excerpt\">Gestern Abend ging mit dem letzten Spieltag die Open League, die &#8222;Dienstagsliga&#8220; des WDV, zu Ende. Wie es den f\u00fcnf Mannschaften im Diensten An Sporrans ergangen ist, erfahrt ihr in\u2026\u00a0<a class=\"wp-block-latest-posts__read-more\" href=\"https:\/\/www.ansporran.at\/?p=7029\" rel=\"noopener noreferrer\"><span class=\"screen-reader-text\">R\u00fcckblick auf die WDV Open League 2021\/22 <\/span>weiterlesen<\/a><\/div><\/li>\n<li><a class=\"wp-block-latest-posts__post-title\" href=\"https:\/\/www.ansporran.at\/?p=482\">Dartsjahr 2021 zu Ende<\/a><div class=\"wp-block-latest-posts__post-author\">von Philip Karall<\/div><time datetime=\"2021-12-09T17:52:18+01:00\" class=\"wp-block-latest-posts__post-date\">09.12.2021<\/time><div class=\"wp-block-latest-posts__post-excerpt\">Da der Lockdown in der Gastronomie in Wien leider nicht rechtzeitig endet, m\u00fcssen wir leider auch unsere geplante Doppelveranstaltung mit Weihnachtsfeier und Clubmeisterschaft am 18.12. absagen. Tags zuvor hat der\u2026\u00a0<a class=\"wp-block-latest-posts__read-more\" href=\"https:\/\/www.ansporran.at\/?p=482\" rel=\"noopener noreferrer\"><span class=\"screen-reader-text\">Dartsjahr 2021 zu Ende <\/span>weiterlesen<\/a><\/div><\/li>\n<li><a class=\"wp-block-latest-posts__post-title\" href=\"https:\/\/www.ansporran.at\/?p=480\">Lockdown: Absagen und Verschiebungen<\/a><div class=\"wp-block-latest-posts__post-author\">von Philip Karall<\/div><time datetime=\"2021-11-21T00:05:05+01:00\" class=\"wp-block-latest-posts__post-date\">21.11.2021<\/time><div class=\"wp-block-latest-posts__post-excerpt\">Der am Montag inkrafttretende Lockdown zwingt uns ein weiteres Mal in die Spielpause. Der regul\u00e4re Ligabetrieb wird ausgesetzt, alle Infos dazu findet ihr nat\u00fcrlich auf der bekannten Homepage des WDV.\u2026\u00a0<a class=\"wp-block-latest-posts__read-more\" href=\"https:\/\/www.ansporran.at\/?p=480\" rel=\"noopener noreferrer\"><span class=\"screen-reader-text\">Lockdown: Absagen und Verschiebungen <\/span>weiterlesen<\/a><\/div><\/li>\n<li><a class=\"wp-block-latest-posts__post-title\" href=\"https:\/\/www.ansporran.at\/?p=474\">Vorschau auf die Saison 2021\/22 Teil 2: Open League<\/a><div class=\"wp-block-latest-posts__post-author\">von Philip Karall<\/div><time datetime=\"2021-08-29T02:05:31+02:00\" class=\"wp-block-latest-posts__post-date\">29.08.2021<\/time><div class=\"wp-block-latest-posts__post-excerpt\"><p>Neben der Landesliga geht es Mitte September selbstverst\u00e4ndlich auch mit der Open League wieder los. Diese hat mit 46 Teams um sieben weniger als in der Vorsaison, was etliche Nachr\u00fccker in h\u00f6here Divisionen sowie die Aufl\u00f6sung der 4. Liga zur Folge hatte. Mit 6 Teams sind wir in diesem Bewerb erneut der Verein mit den meisten Mannschaften!<\/p>\r\n<\/div><\/li>\n<li><a class=\"wp-block-latest-posts__post-title\" href=\"https:\/\/www.ansporran.at\/?p=465\">Drei Nachrichten aus dem Lockdown<\/a><div class=\"wp-block-latest-posts__post-author\">von admin<\/div><time datetime=\"2020-12-09T19:03:52+01:00\" class=\"wp-block-latest-posts__post-date\">09.12.2020<\/time><div class=\"wp-block-latest-posts__post-excerpt\">1. Wie ihr bestimmt mitbekommen habt, bleibt der Indoor-Sport sowie die Gastronomie bis auf weiteres geschlossen. Dementsprechend hat der WDV die Unterbrechung des Ligabetriebs bis vorerst mindestens 7. J\u00e4nner 2021\u2026\u00a0<a class=\"wp-block-latest-posts__read-more\" href=\"https:\/\/www.ansporran.at\/?p=465\" rel=\"noopener noreferrer\"><span class=\"screen-reader-text\">Drei Nachrichten aus dem Lockdown <\/span>weiterlesen<\/a><\/div><\/li>\n<li><a class=\"wp-block-latest-posts__post-title\" href=\"https:\/\/www.ansporran.at\/?p=463\">CoVid Infos zum WDV Ligabetrieb und zu clubinternen Veranstaltungen<\/a><div class=\"wp-block-latest-posts__post-author\">von admin<\/div><time datetime=\"2020-09-20T23:37:08+02:00\" class=\"wp-block-latest-posts__post-date\">20.09.2020<\/time><div class=\"wp-block-latest-posts__post-excerpt\"><p><span style=\"font-size: 12.16px;\">Mit den heute in Kraft tretenden neuen Corona-Ma\u00dfnahmen seitens der Regierung gab es erneut einige Einschnitte, die auch die Dartsszene betreffen. W\u00e4hrend der Ligabetrieb weiterlaufen kann, m\u00fcssen wir als Verein bei unseren internen Veranstaltungen leider Abstriche machen.<\/span><\/p>\r\n<\/div><\/li>\n<li><a class=\"wp-block-latest-posts__post-title\" href=\"https:\/\/www.ansporran.at\/?p=461\">Vorschau auf die Saison 2020\/21 Teil 2: Open League<\/a><div class=\"wp-block-latest-posts__post-author\">von Philip Karall<\/div><time datetime=\"2020-09-04T01:48:50+02:00\" class=\"wp-block-latest-posts__post-date\">04.09.2020<\/time><div class=\"wp-block-latest-posts__post-excerpt\"><p>Noch ein klein wenig l\u00e4nger auf den Saisonstart warten m\u00fcssen unsere Mannschaften in der WDV Open League, n\u00e4mlich bis zum 15. September. In die &#8222;Dienstagsliga&#8220; des WDV geht An Sporran heuer mit neuem Rekord von 7 Mannschaften und ist damit sogar der gr\u00f6\u00dfte Verein was diesen Bewerb betrifft!<\/p>\r\n<\/div><\/li>\n<li><a class=\"wp-block-latest-posts__post-title\" href=\"https:\/\/www.ansporran.at\/?p=442\">Halbzeitbericht zur Open League 2019\/20<\/a><div class=\"wp-block-latest-posts__post-author\">von Philip Karall<\/div><time datetime=\"2019-12-19T05:20:56+01:00\" class=\"wp-block-latest-posts__post-date\">19.12.2019<\/time><div class=\"wp-block-latest-posts__post-excerpt\"><p>Am vergangenen Dienstagabend fand mit dem 13. Spieltag der WDV Open League die letzte Runde der Hinrunde sowie die letzte Runde des Jahres vor der Pause statt. Wie es zur Halbzeit um unsere f\u00fcnf Teams bestellt ist, erfahrt ihr hier!<\/p>\r\n<\/div><\/li>\n<li><a class=\"wp-block-latest-posts__post-title\" href=\"https:\/\/www.ansporran.at\/?p=411\">R\u00fcckblick auf die Open League Saison 2018\/19<\/a><div class=\"wp-block-latest-posts__post-author\">von admin<\/div><time datetime=\"2019-04-10T21:39:51+02:00\" class=\"wp-block-latest-posts__post-date\">10.04.2019<\/time><div class=\"wp-block-latest-posts__post-excerpt\"><p>Gestern Abend ging die Open League Saison 2018\/19 zu Ende. Wie es unseren vier Mannschaften in dieser Spielzeit ergangen ist, erfahrt ihr hier&#8230;<\/p>\r\n<p>\u00a0<\/p>\r\n<\/div><\/li>\n<li><a class=\"wp-block-latest-posts__post-title\" href=\"https:\/\/www.ansporran.at\/?p=385\">AS Barhocker gewinnen WDV Open League!<\/a><div class=\"wp-block-latest-posts__post-author\">von admin<\/div><time datetime=\"2018-04-21T00:13:39+02:00\" class=\"wp-block-latest-posts__post-date\">21.04.2018<\/time><div class=\"wp-block-latest-posts__post-excerpt\"><p>Letzte Woche ging die Open League (&#8222;Dienstagsliga&#8220;) des WDV zu Ende&#8230;und brachte einen Mannschaftstitel f\u00fcr An Sporran! Die Barhocker sind die Champions der Saison 2017\/18!<\/p>\r\n<\/div><\/li>\n<li><a class=\"wp-block-latest-posts__post-title\" href=\"https:\/\/www.ansporran.at\/?p=368\">AS Barhocker gewinnen WDV Open League!<\/a><div class=\"wp-block-latest-posts__post-author\">von admin<\/div><time datetime=\"2017-04-29T23:41:48+02:00\" class=\"wp-block-latest-posts__post-date\">29.04.2017<\/time><div class=\"wp-block-latest-posts__post-excerpt\"><p>Am vergangenen Dienstag ging mit der WDV Open League die nach der Landesliga zweitwichtigste Liga Wiens zu Ende. Dabei holten sich die Barhocker ihren Titel von 2015 zur\u00fcck und sorgen daf\u00fcr, dass es definitiv keine titellose Saison 2016\/17 f\u00fcr An Sporran wird!<\/p>\r\n<p \/>\r\n<\/div><\/li>\n<li><a class=\"wp-block-latest-posts__post-title\" href=\"https:\/\/www.ansporran.at\/?p=266\">Saisonr\u00fcckblick 2011\/12<\/a><div class=\"wp-block-latest-posts__post-author\">von admin<\/div><time datetime=\"2012-06-19T15:08:21+02:00\" class=\"wp-block-latest-posts__post-date\">19.06.2012<\/time><div class=\"wp-block-latest-posts__post-excerpt\"><p>Eine weitere spannende Saison ist f\u00fcr unsere Teams in den diversen Ligen des WDV vor kurzem zu Ende gegangen. Trotz einiger Schwierigkeiten war es im Endeffekt eine gute Saison f\u00fcr An Sporran\u00b4s Mannschaften. Hier ein kleiner R\u00fcckblick&#8230;<\/p>\r\n<\/div><\/li>\n<li><a class=\"wp-block-latest-posts__post-title\" href=\"https:\/\/www.ansporran.at\/?p=247\">Saisonr\u00fcckblick 2010\/11<\/a><div class=\"wp-block-latest-posts__post-author\">von admin<\/div><time datetime=\"2011-07-01T13:37:56+02:00\" class=\"wp-block-latest-posts__post-date\">01.07.2011<\/time><div class=\"wp-block-latest-posts__post-excerpt\"><p>In dieser Woche ging mit dem Finale des WDV-Teamcups eine lange und anstrengende Saison zu Ende. Zeit, um auf das vergangene Ligajahr zur\u00fcckzublicken&#8230;<\/p>\r\n<p>\u00a0<\/p>\r\n<\/div><\/li>\n<\/ul>","protected":false},"excerpt":{"rendered":"","protected":false},"author":2,"featured_media":0,"parent":3344,"menu_order":0,"comment_status":"closed","ping_status":"closed","template":"","meta":{"ngg_post_thumbnail":0,"footnotes":""},"class_list":["post-3346","page","type-page","status-publish","hentry"],"_links":{"self":[{"href":"https:\/\/www.ansporran.at\/index.php?rest_route=\/wp\/v2\/pages\/3346","targetHints":{"allow":["GET"]}}],"collection":[{"href":"https:\/\/www.ansporran.at\/index.php?rest_route=\/wp\/v2\/pages"}],"about":[{"href":"https:\/\/www.ansporran.at\/index.php?rest_route=\/wp\/v2\/types\/page"}],"author":[{"embeddable":true,"href":"https:\/\/www.ansporran.at\/index.php?rest_route=\/wp\/v2\/users\/2"}],"replies":[{"embeddable":true,"href":"https:\/\/www.ansporran.at\/index.php?rest_route=%2Fwp%2Fv2%2Fcomments&post=3346"}],"version-history":[{"count":3,"href":"https:\/\/www.ansporran.at\/index.php?rest_route=\/wp\/v2\/pages\/3346\/revisions"}],"predecessor-version":[{"id":7519,"href":"https:\/\/www.ansporran.at\/index.php?rest_route=\/wp\/v2\/pages\/3346\/revisions\/7519"}],"up":[{"embeddable":true,"href":"https:\/\/www.ansporran.at\/index.php?rest_route=\/wp\/v2\/pages\/3344"}],"wp:attachment":[{"href":"https:\/\/www.ansporran.at\/index.php?rest_route=%2Fwp%2Fv2%2Fmedia&parent=3346"}],"curies":[{"name":"wp","href":"https:\/\/api.w.org\/{rel}","templated":true}]}}