{"id":3348,"date":"2022-02-17T08:40:05","date_gmt":"2022-02-17T07:40:05","guid":{"rendered":"http:\/\/www.ansporran.at\/wordpress\/?page_id=3348"},"modified":"2025-04-14T07:58:27","modified_gmt":"2025-04-14T05:58:27","slug":"links","status":"publish","type":"page","link":"https:\/\/www.ansporran.at\/?page_id=3348","title":{"rendered":"Links"},"content":{"rendered":"\n<p>Wir sind regelm\u00e4\u00dfig in den Weiten des WWW unterwegs. Besonders interessante Seiten werden hier gelistet. Hast du einen weiteren interessanten Dart Link entdeckt so <a href=\"https:\/\/www.ansporran.at\/index.php?option=com_contact&amp;view=contact&amp;id=2%3Aalfred-nitsch&amp;catid=2%3Avorstand&amp;Itemid=41\">schreib uns<\/a>!<\/p>\n\n\n\n<p><\/p>\n\n\n\n<p><strong>Vereine<\/strong><\/p>\n\n\n\n<p><a href=\"http:\/\/artists.steeldarts.at\/\" target=\"_blank\" rel=\"noreferrer noopener\">DC Darts Artists<\/a><br><a rel=\"noreferrer noopener\" href=\"http:\/\/www.dartclub-littlearrows.com\/\" target=\"_blank\">1. St. P\u00f6ltner Dartclub<\/a><br><\/p>\n\n\n\n<p><strong>Verb\u00e4nde National<\/strong><\/p>\n\n\n\n<p><a href=\"http:\/\/www.austrian-open-vienna.at\/_de\/\" target=\"_blank\" rel=\"noreferrer noopener\">Austrian Open Vienna<\/a> &#8211; Internationals Dartsturnier &#8211; WDF Kategorie 3<br><a href=\"http:\/\/www.dartsverband.at\/\" target=\"_blank\" rel=\"noreferrer noopener\">\u00d6sterreichischer Darts Verband<\/a> &#8211; Nationalteam, Ranglisten und den offiziellen nationalen Kalender&#8230;<br><a href=\"http:\/\/www.wdv-dart.at\/\" target=\"_blank\" rel=\"noreferrer noopener\">Wiener Darts Verband<\/a> &#8211; S\u00e4mtliche Ligaergebnisse gibts fast immer sofort online. Die offizielle Quelle f\u00fcr Dartsregeln im Wiener Raum.<br><a href=\"https:\/\/www.kedsv.at\/\" target=\"_blank\" rel=\"noreferrer noopener\">K\u00e4rntner Dartssport Verband<\/a> &#8211; Der Erste K\u00e4rntner Dartsverband. Ligast\u00e4nde und Neuigkeiten aus der k\u00e4rtner Steel und Soft-Tip Szene.<\/p>\n\n\n\n<p><\/p>\n\n\n\n<p><strong>Verb\u00e4nde International<\/strong><\/p>\n\n\n\n<p><a rel=\"noreferrer noopener\" href=\"https:\/\/deutscherdartverband.de\/\" target=\"_blank\">DDV &#8211; Deutscher Dart Verband<\/a><br><a rel=\"noreferrer noopener\" href=\"https:\/\/www.pdc-europe.tv\/de\/home-de\/\" target=\"_blank\">PDC &#8211; Europe<\/a><br><a rel=\"noreferrer noopener\" href=\"https:\/\/www.pdc.tv\/\" target=\"_blank\">PDC &#8211; Professional Darts Corporation<\/a><br><a rel=\"noreferrer noopener\" href=\"https:\/\/dartswdf.com\/\" target=\"_blank\">WDF &#8211; World Darts Federation<\/a><br><\/p>\n\n\n\n<p><strong>Sonstiges<\/strong><\/p>\n\n\n\n<p><a href=\"https:\/\/www.crowsdarts.com\/\">Crows Darts<\/a><br><a href=\"https:\/\/www.dartn.de\/\">dartn.de &#8211; Dart News &amp; Dartsport Informationen &amp; Forum<\/a><br><a href=\"https:\/\/www.darts1.de\/\">Darts1.de<\/a><br><a href=\"https:\/\/de.wikipedia.org\/wiki\/An_Sporran_Darts_Club\">An Sporran bei Wikipedia<\/a> &#8211; Unser Eintrag in der weltber\u00fchmten Internetenzyklop\u00e4die<br><\/p>\n","protected":false},"excerpt":{"rendered":"<p>Wir sind regelm\u00e4\u00dfig in den Weiten des WWW unterwegs. Besonders interessante Seiten werden hier gelistet. Hast du einen weiteren interessanten Dart Link entdeckt so schreib uns! Vereine DC Darts Artists1. St. P\u00f6ltner Dartclub Verb\u00e4nde National Austrian Open Vienna &#8211; Internationals Dartsturnier &#8211; WDF Kategorie 3\u00d6sterreichischer Darts Verband &#8211; Nationalteam, Ranglisten und den offiziellen nationalen Kalender&#8230;Wiener [&hellip;]<\/p>\n","protected":false},"author":2,"featured_media":0,"parent":0,"menu_order":5,"comment_status":"closed","ping_status":"closed","template":"","meta":{"ngg_post_thumbnail":0,"footnotes":""},"class_list":["post-3348","page","type-page","status-publish","hentry"],"_links":{"self":[{"href":"https:\/\/www.ansporran.at\/index.php?rest_route=\/wp\/v2\/pages\/3348","targetHints":{"allow":["GET"]}}],"collection":[{"href":"https:\/\/www.ansporran.at\/index.php?rest_route=\/wp\/v2\/pages"}],"about":[{"href":"https:\/\/www.ansporran.at\/index.php?rest_route=\/wp\/v2\/types\/page"}],"author":[{"embeddable":true,"href":"https:\/\/www.ansporran.at\/index.php?rest_route=\/wp\/v2\/users\/2"}],"replies":[{"embeddable":true,"href":"https:\/\/www.ansporran.at\/index.php?rest_route=%2Fwp%2Fv2%2Fcomments&post=3348"}],"version-history":[{"count":13,"href":"https:\/\/www.ansporran.at\/index.php?rest_route=\/wp\/v2\/pages\/3348\/revisions"}],"predecessor-version":[{"id":6723,"href":"https:\/\/www.ansporran.at\/index.php?rest_route=\/wp\/v2\/pages\/3348\/revisions\/6723"}],"wp:attachment":[{"href":"https:\/\/www.ansporran.at\/index.php?rest_route=%2Fwp%2Fv2%2Fmedia&parent=3348"}],"curies":[{"name":"wp","href":"https:\/\/api.w.org\/{rel}","templated":true}]}}