{"id":3382,"date":"2022-02-17T09:07:20","date_gmt":"2022-02-17T08:07:20","guid":{"rendered":"http:\/\/www.ansporran.at\/wordpress\/?page_id=3382"},"modified":"2026-04-09T17:47:41","modified_gmt":"2026-04-09T15:47:41","slug":"vorstand","status":"publish","type":"page","link":"https:\/\/www.ansporran.at\/?page_id=3382","title":{"rendered":"Vorstand"},"content":{"rendered":"\n<p><strong>Vereinssitz:<\/strong> Wien<br><strong>ZVR-Zahl:<\/strong> 762795226<br><strong>Zustellanschrift:<\/strong> Obere Augartenstra\u00dfe 72, 1020 Wien<\/p>\n\n\n\n<p><\/p>\n\n\n\n<p><strong>Organschaftliche Vertreter:<\/strong><\/p>\n\n\n\n<figure class=\"wp-block-table is-style-stripes\"><table><tbody><tr><td>Obmann:<\/td><td>Melnitzky Christoph<\/td><\/tr><tr><td>Obmann Stellvertreter:<\/td><td>Kopietz Michael<\/td><\/tr><tr><td>Schriftf\u00fchrer:<\/td><td>Astner Sasha<\/td><\/tr><tr><td>Schriftf\u00fchrer Stellvertreter:<\/td><td>Schultze Johannes<\/td><\/tr><tr><td>Kassier:<\/td><td>Holzer Steffen<\/td><\/tr><tr><td>Kassier Stellvertreter:<\/td><td>F\u00fcl\u00f6p Noemi<\/td><\/tr><\/tbody><\/table><\/figure>\n\n\n\n<p><\/p>\n","protected":false},"excerpt":{"rendered":"<p>Vereinssitz: WienZVR-Zahl: 762795226Zustellanschrift: Obere Augartenstra\u00dfe 72, 1020 Wien Organschaftliche Vertreter: Obmann: Melnitzky Christoph Obmann Stellvertreter: Kopietz Michael Schriftf\u00fchrer: Astner Sasha Schriftf\u00fchrer Stellvertreter: Schultze Johannes Kassier: Holzer Steffen Kassier Stellvertreter: F\u00fcl\u00f6p Noemi<\/p>\n","protected":false},"author":2,"featured_media":0,"parent":503,"menu_order":5,"comment_status":"closed","ping_status":"closed","template":"","meta":{"ngg_post_thumbnail":0,"footnotes":""},"class_list":["post-3382","page","type-page","status-publish","hentry"],"_links":{"self":[{"href":"https:\/\/www.ansporran.at\/index.php?rest_route=\/wp\/v2\/pages\/3382","targetHints":{"allow":["GET"]}}],"collection":[{"href":"https:\/\/www.ansporran.at\/index.php?rest_route=\/wp\/v2\/pages"}],"about":[{"href":"https:\/\/www.ansporran.at\/index.php?rest_route=\/wp\/v2\/types\/page"}],"author":[{"embeddable":true,"href":"https:\/\/www.ansporran.at\/index.php?rest_route=\/wp\/v2\/users\/2"}],"replies":[{"embeddable":true,"href":"https:\/\/www.ansporran.at\/index.php?rest_route=%2Fwp%2Fv2%2Fcomments&post=3382"}],"version-history":[{"count":9,"href":"https:\/\/www.ansporran.at\/index.php?rest_route=\/wp\/v2\/pages\/3382\/revisions"}],"predecessor-version":[{"id":10238,"href":"https:\/\/www.ansporran.at\/index.php?rest_route=\/wp\/v2\/pages\/3382\/revisions\/10238"}],"up":[{"embeddable":true,"href":"https:\/\/www.ansporran.at\/index.php?rest_route=\/wp\/v2\/pages\/503"}],"wp:attachment":[{"href":"https:\/\/www.ansporran.at\/index.php?rest_route=%2Fwp%2Fv2%2Fmedia&parent=3382"}],"curies":[{"name":"wp","href":"https:\/\/api.w.org\/{rel}","templated":true}]}}