{"id":507,"date":"2022-02-15T08:08:35","date_gmt":"2022-02-15T07:08:35","guid":{"rendered":"http:\/\/www.ansporran.at\/wordpress\/?page_id=507"},"modified":"2025-09-24T10:16:23","modified_gmt":"2025-09-24T08:16:23","slug":"an-sporran-der-club","status":"publish","type":"page","link":"https:\/\/www.ansporran.at\/?page_id=507","title":{"rendered":"An Sporran \u2013 Der Club"},"content":{"rendered":"\n<p>Der Verein An Sporran wurde im Jahre 1984 gegr\u00fcndet und ist der \u00e4lteste noch existierende Steeldartsverein in Wien bzw. der zweit\u00e4lteste \u00d6sterreichs. Der An Sporran Darts Club ist ein gemeinn\u00fctziger Verein, der die Aus\u00fcbung und die F\u00f6rderung des Darts-Spieles zu seinem Vereinszweck erkl\u00e4rt hat. Dies geschieht vor allem durch die Teilnahme am Ligabetrieb des Wiener Darts Verbandes sowie der Beschickung nationaler und internationaler Turniere. An Sporran versucht dar\u00fcber hinaus, auch durch eigene Veranstaltungen, wie unsere Mickey Mouse Turniere (n\u00e4here Infos siehe Link Crowns Cup) und im Besonderen das j\u00e4hrliche gro\u00dfe An Sporran Open, seinem Vereinszweck nachzukommen.<\/p>\n\n\n\n<p>Zahlreiche\u00a0Mitglieder des Vereines k\u00f6nnen Einberufungen in das \u00f6sterreichische Steel-Darts-Nationalteam vorweisen &#8211; der Verein ist Mitglied der Dachverb\u00e4nde Wiener Dartsverband und Gr\u00fcndungsmitglied des \u00d6sterreichischen Darts Verbandes. In Laufe der Jahre haben einige der wichtigsten Darts-Pers\u00f6nlichkeiten \u00d6sterreichs in diesem Verein gespielt. Zu erw\u00e4hnen w\u00e4ren hier zB Franz Thaler, jahrelang das Aush\u00e4ngeschild des \u00f6sterreichischen Dartsports, und nat\u00fcrlich \u00d6sterreichs erfolgreichster und bekanntester Darter Mensur Suljovic. An Sporran genie\u00dft keine \u00f6ffentliche Unterst\u00fctzung, die n\u00f6tigen Mittel werden ausschlie\u00dflich durch Mitgliedsbeitr\u00e4ge und freiwillige Zuwendungen aufgebracht.<\/p>\n\n\n\n<p>Der Begriff Sporran kommt aus dem Schottischen und An ist ein g\u00e4lischer Artikel. Der Sporran geh\u00f6rt zum Kilt wie Taschen zu einer Hose.<\/p>\n\n\n\n<p>Weitere Infos unter =&gt; <a href=\"https:\/\/de.wikipedia.org\/wiki\/An_Sporran_Darts_Club\" target=\"_blank\" rel=\"noreferrer noopener\">Wikipedia<\/a><\/p>\n","protected":false},"excerpt":{"rendered":"<p>Der Verein An Sporran wurde im Jahre 1984 gegr\u00fcndet und ist der \u00e4lteste noch existierende Steeldartsverein in Wien bzw. der zweit\u00e4lteste \u00d6sterreichs. Der An Sporran Darts Club ist ein gemeinn\u00fctziger Verein, der die Aus\u00fcbung und die F\u00f6rderung des Darts-Spieles zu seinem Vereinszweck erkl\u00e4rt hat. Dies geschieht vor allem durch die Teilnahme am Ligabetrieb des Wiener [&hellip;]<\/p>\n","protected":false},"author":2,"featured_media":0,"parent":503,"menu_order":1,"comment_status":"closed","ping_status":"closed","template":"","meta":{"ngg_post_thumbnail":0,"footnotes":""},"class_list":["post-507","page","type-page","status-publish","hentry"],"_links":{"self":[{"href":"https:\/\/www.ansporran.at\/index.php?rest_route=\/wp\/v2\/pages\/507","targetHints":{"allow":["GET"]}}],"collection":[{"href":"https:\/\/www.ansporran.at\/index.php?rest_route=\/wp\/v2\/pages"}],"about":[{"href":"https:\/\/www.ansporran.at\/index.php?rest_route=\/wp\/v2\/types\/page"}],"author":[{"embeddable":true,"href":"https:\/\/www.ansporran.at\/index.php?rest_route=\/wp\/v2\/users\/2"}],"replies":[{"embeddable":true,"href":"https:\/\/www.ansporran.at\/index.php?rest_route=%2Fwp%2Fv2%2Fcomments&post=507"}],"version-history":[{"count":4,"href":"https:\/\/www.ansporran.at\/index.php?rest_route=\/wp\/v2\/pages\/507\/revisions"}],"predecessor-version":[{"id":8557,"href":"https:\/\/www.ansporran.at\/index.php?rest_route=\/wp\/v2\/pages\/507\/revisions\/8557"}],"up":[{"embeddable":true,"href":"https:\/\/www.ansporran.at\/index.php?rest_route=\/wp\/v2\/pages\/503"}],"wp:attachment":[{"href":"https:\/\/www.ansporran.at\/index.php?rest_route=%2Fwp%2Fv2%2Fmedia&parent=507"}],"curies":[{"name":"wp","href":"https:\/\/api.w.org\/{rel}","templated":true}]}}