{"id":519,"date":"2022-02-15T16:38:28","date_gmt":"2022-02-15T15:38:28","guid":{"rendered":"http:\/\/www.ansporran.at\/wordpress\/?page_id=519"},"modified":"2025-09-24T10:18:36","modified_gmt":"2025-09-24T08:18:36","slug":"regelwerk","status":"publish","type":"page","link":"https:\/\/www.ansporran.at\/?page_id=519","title":{"rendered":"Regelwerk"},"content":{"rendered":"\n<h1 class=\"wp-block-heading\" id=\"crown-s-cup-2021-22\"><\/h1>\n\n\n\n<p><strong>\u00dcbersicht:<\/strong><\/p>\n\n\n\n<p>Der Crown\u2019s Cup 2025\/26 wird die 6. Ausgabe unseres j\u00e4hrlichen Bewerbs, der aus den bereits existierenden Turnieren im Crown &amp; Sword besteht. Hierbei bilden die jeden 2. Freitag stattfindenden Mickey-Mouse Turniere den Kern, w\u00e4hrend die gr\u00f6\u00dferen j\u00e4hrlich stattfindenden Events als Major Turniere hinzuz\u00e4hlen und die meisten Punkte bringen. So ergibt sich eine Gesamtwertung, deren punktbester Spieler am Saisonende den Bewerb gewinnt.<\/p>\n\n\n\n<p><strong>Punktevergabe:<\/strong> <\/p>\n\n\n\n<div class=\"wp-block-columns is-layout-flex wp-container-core-columns-is-layout-28f84493 wp-block-columns-is-layout-flex\">\n<div class=\"wp-block-column is-layout-flow wp-block-column-is-layout-flow\" style=\"flex-basis:100%\">\n<figure class=\"wp-block-table aligncenter\"><table><tbody><tr><td>BEWERB:<\/td><td class=\"has-text-align-center\" data-align=\"center\">1.<\/td><td class=\"has-text-align-center\" data-align=\"center\">2.<\/td><td class=\"has-text-align-center\" data-align=\"center\">3.<\/td><td>5.<\/td><td>9.<\/td><td class=\"has-text-align-center\" data-align=\"center\">TN mit Sieg<\/td><td class=\"has-text-align-center\" data-align=\"center\">TN ohne Sieg<\/td><\/tr><tr><td>Mickey Mouse bis 20 Tn.<\/td><td class=\"has-text-align-center\" data-align=\"center\">7<\/td><td class=\"has-text-align-center\" data-align=\"center\">5<\/td><td class=\"has-text-align-center\" data-align=\"center\">3<\/td><td>&#8211;<\/td><td>&#8211;<\/td><td class=\"has-text-align-center\" data-align=\"center\">2<\/td><td class=\"has-text-align-center\" data-align=\"center\">1<\/td><\/tr><tr><td>Mickey Mouse ab 20 Tn.<\/td><td class=\"has-text-align-center\" data-align=\"center\">10<\/td><td class=\"has-text-align-center\" data-align=\"center\">7<\/td><td class=\"has-text-align-center\" data-align=\"center\">5<\/td><td>3<\/td><td>&#8211;<\/td><td class=\"has-text-align-center\" data-align=\"center\">2<\/td><td class=\"has-text-align-center\" data-align=\"center\">1<\/td><\/tr><tr><td>Mickey Mouse ab 48Tn.<\/td><td class=\"has-text-align-center\" data-align=\"center\">12<\/td><td class=\"has-text-align-center\" data-align=\"center\">9<\/td><td class=\"has-text-align-center\" data-align=\"center\">7<\/td><td>5<\/td><td>3<\/td><td class=\"has-text-align-center\" data-align=\"center\">2<\/td><td class=\"has-text-align-center\" data-align=\"center\">1<\/td><\/tr><tr><td>Majors<\/td><td class=\"has-text-align-center\" data-align=\"center\">15<\/td><td class=\"has-text-align-center\" data-align=\"center\">10<\/td><td class=\"has-text-align-center\" data-align=\"center\">7<\/td><td>5<\/td><td>&#8211;<\/td><td class=\"has-text-align-center\" data-align=\"center\">3<\/td><td class=\"has-text-align-center\" data-align=\"center\">2<\/td><\/tr><\/tbody><\/table><\/figure>\n<\/div>\n<\/div>\n\n\n\n<p><strong>Termine:<\/strong><\/p>\n\n\n\n<p>Mickey Mouse Turniere finden in der Regel jeden 2. Freitag (Nennschluss 19:00 Uhr) statt. Es gibt Ausnahmen in den Wochen, in denen Major-Turniere stattfinden.<\/p>\n\n\n\n<p>Heuer gibt es drei Major-Turniere: Diese sind das Halloween Turnier, das Faschingsturnier und das St. Patrick\u00b4s Turnier.<\/p>\n\n\n\n<p>Der Crowns Cup endet mit dem letzten Mickey Mouse Turnier am 19. Juni 2025. Im Anschluss daran wird die Siegerehrung vorgenommen. Der Bewerb ist somit an die WDV-Saison von September bis Juni angepasst.<\/p>\n\n\n\n<p><strong>Modus:<\/strong><\/p>\n\n\n\n<p>ALLE Turniere des Crown\u00b4s Cup m\u00fcssen im Surprise Doppel Modus ausgetragen werden. Die besten anwesenden Spieler werden gesetzt. Ihnen wird jeweils ein ungesetzter Spieler als Partner zugelost.<\/p>\n\n\n\n<p>Bei den Mickey Mouse Turnieren wird Cricket gespielt (20-15 und Bull jeweils 3x). Im Finale sind zus\u00e4tzlich 3 Triple und 3 Doppel zu treffen. Je nach Uhrzeit kann auch bereits im Halbfinale der Finalmodus zum Einsatz kommen. <\/p>\n\n\n\n<p>Bei den Majors kann Mickey Mouse oder im Fun Modus (Spiele werden ausgew\u00fcrfelt) gespielt werden. Diese gr\u00f6\u00dferen Turniere finden an Wochenendtagen statt und nehmen daher keine R\u00fccksicht auf die Uhrzeit. Auch hier gibt es zun\u00e4chst eine Gruppenphase und danach eine K.O.-Phase.<\/p>\n\n\n\n<p><strong>Start- und Preisgelder:<\/strong><\/p>\n\n\n\n<p>Bei den Mickey Mouse Turnieren betr\u00e4gt das Startgeld 4\u20ac pro Person. Davon werden 2\u20ac (pro Anmeldung) beim jeweiligen Turnier ausgespielt. 1\u20ac wandert in den Jahresjackpot, 1\u20ac geht an den Verein.<\/p>\n\n\n\n<p>Bei den Major Turnieren betr\u00e4gt das Startgeld 5 oder 10\u20ac.&nbsp; Die Top 3 erhalten Preisgelder. Bitte beachtet hier die zus\u00e4tzlichen Ausschreibungen! Diese werden zeitgem\u00e4\u00df vor dem jeweiligen Major im Pub ausgeh\u00e4ngt.<\/p>\n\n\n\n<p>Eine Ausnahme bildet das Faschingsturnier, bei dem das Startgeld 10\u20ac betr\u00e4gt und keine Preisgelder ausgespielt werden. Das Faschingsturnier ist ein Benefizturnier, dessen Einnahmen zu 100% an das Kinderschutzzentrum \u201edie M\u00f6we\u201c gehen!<\/p>\n\n\n\n<p>Preise f\u00fcr die Gesamtwertung:<\/p>\n\n\n\n<p>Am Ende der Saison erhalten die Top 5 der Gesamtwertung einen Teil des Jackpots. Dieser wird folgenderma\u00dfen aufgeteilt:<\/p>\n\n\n\n<p>&#8230;1.Platz: 35% der erzielten Einnahmen<br>&#8230;2. Platz: 25%<br>&#8230;3. Platz: 15%<br>&#8230;4.-5. Platz jeweils 10%<\/p>\n\n\n\n<p>F\u00fcr die Top 3 gibt es au\u00dferdem Pokale. <\/p>\n\n\n\n<p>Au\u00dferdem gehen 5% an das Siegerpaar des Finalturniers!<\/p>\n\n\n\n<p class=\"has-medium-font-size\">Disclaimer: <\/p>\n\n\n\n<p class=\"has-medium-font-size\">Mit der Anmeldung zu allen Turnieren des Crowns Cup (siehe Seite Termine) erkl\u00e4rt sich der\/die SpielerIn einverstanden, dass er\/ihr Name in unsere Rangliste aufgenommen wird und in Beitr\u00e4gen verwendet werden darf. Weiters erkl\u00e4rt sich der\/die SpielerIn einverstanden, dass gegebenenfalls deren Bilder auf unserer Homepage und anderen offiziellen An Sporran Mediapr\u00e4senzen erscheinen d\u00fcrfen. Diese sind: Facebook, Instagram und unser offizieller WhatsApp Kanal. <\/p>\n\n\n\n<p><\/p>\n","protected":false},"excerpt":{"rendered":"<p>\u00dcbersicht: Der Crown\u2019s Cup 2025\/26 wird die 6. Ausgabe unseres j\u00e4hrlichen Bewerbs, der aus den bereits existierenden Turnieren im Crown &amp; Sword besteht. Hierbei bilden die jeden 2. Freitag stattfindenden Mickey-Mouse Turniere den Kern, w\u00e4hrend die gr\u00f6\u00dferen j\u00e4hrlich stattfindenden Events als Major Turniere hinzuz\u00e4hlen und die meisten Punkte bringen. So ergibt sich eine Gesamtwertung, deren [&hellip;]<\/p>\n","protected":false},"author":2,"featured_media":0,"parent":515,"menu_order":2,"comment_status":"closed","ping_status":"closed","template":"","meta":{"ngg_post_thumbnail":0,"footnotes":""},"class_list":["post-519","page","type-page","status-publish","hentry"],"_links":{"self":[{"href":"https:\/\/www.ansporran.at\/index.php?rest_route=\/wp\/v2\/pages\/519","targetHints":{"allow":["GET"]}}],"collection":[{"href":"https:\/\/www.ansporran.at\/index.php?rest_route=\/wp\/v2\/pages"}],"about":[{"href":"https:\/\/www.ansporran.at\/index.php?rest_route=\/wp\/v2\/types\/page"}],"author":[{"embeddable":true,"href":"https:\/\/www.ansporran.at\/index.php?rest_route=\/wp\/v2\/users\/2"}],"replies":[{"embeddable":true,"href":"https:\/\/www.ansporran.at\/index.php?rest_route=%2Fwp%2Fv2%2Fcomments&post=519"}],"version-history":[{"count":19,"href":"https:\/\/www.ansporran.at\/index.php?rest_route=\/wp\/v2\/pages\/519\/revisions"}],"predecessor-version":[{"id":9185,"href":"https:\/\/www.ansporran.at\/index.php?rest_route=\/wp\/v2\/pages\/519\/revisions\/9185"}],"up":[{"embeddable":true,"href":"https:\/\/www.ansporran.at\/index.php?rest_route=\/wp\/v2\/pages\/515"}],"wp:attachment":[{"href":"https:\/\/www.ansporran.at\/index.php?rest_route=%2Fwp%2Fv2%2Fmedia&parent=519"}],"curies":[{"name":"wp","href":"https:\/\/api.w.org\/{rel}","templated":true}]}}